{"id":683,"date":"2023-09-27T08:05:05","date_gmt":"2023-09-27T06:05:05","guid":{"rendered":"https:\/\/panasztjelentek.hu\/?page_id=683"},"modified":"2023-10-20T15:07:06","modified_gmt":"2023-10-20T13:07:06","slug":"kapcsolat","status":"publish","type":"page","link":"https:\/\/drjakics.panasztjelentek.hu\/es\/kapcsolat\/","title":{"rendered":"Kapcsolat"},"content":{"rendered":"<div data-elementor-type=\"wp-page\" data-elementor-id=\"683\" class=\"elementor elementor-683\" data-elementor-post-type=\"page\">\n\t\t\t\t<div class=\"elementor-element elementor-element-5e75f70 e-con-full e-flex e-con e-parent\" data-id=\"5e75f70\" data-element_type=\"container\" data-settings=\"{&quot;background_background&quot;:&quot;classic&quot;,&quot;shape_divider_bottom&quot;:&quot;waves&quot;,&quot;shape_divider_bottom_negative&quot;:&quot;yes&quot;}\">\n\t\t\t\t<div class=\"elementor-shape elementor-shape-bottom\" aria-hidden=\"true\" data-negative=\"true\">\n\t\t\t<svg xmlns=\"http:\/\/www.w3.org\/2000\/svg\" viewbox=\"0 0 1000 100\" preserveaspectratio=\"none\">\n\t<path class=\"elementor-shape-fill\" d=\"M790.5,93.1c-59.3-5.3-116.8-18-192.6-50c-29.6-12.7-76.9-31-100.5-35.9c-23.6-4.9-52.6-7.8-75.5-5.3\tc-10.2,1.1-22.6,1.4-50.1,7.4c-27.2,6.3-58.2,16.6-79.4,24.7c-41.3,15.9-94.9,21.9-134,22.6C72,58.2,0,25.8,0,25.8V100h1000V65.3\tc0,0-51.5,19.4-106.2,25.7C839.5,97,814.1,95.2,790.5,93.1z\"\/>\n<\/svg>\t\t<\/div>\n\t\t<div class=\"elementor-element elementor-element-478ffc1 e-con-full e-flex e-con e-child\" data-id=\"478ffc1\" data-element_type=\"container\">\n\t\t\t\t<div class=\"elementor-element elementor-element-5ea9268 elementor-widget elementor-widget-heading\" data-id=\"5ea9268\" data-element_type=\"widget\" data-widget_type=\"heading.default\">\n\t\t\t\t<div class=\"elementor-widget-container\">\n\t\t\t\t\t<h2 class=\"elementor-heading-title elementor-size-default\">Teljesk\u00f6r\u0171 jogi szolg\u00e1ltat\u00e1sok<\/h2>\t\t\t\t<\/div>\n\t\t\t\t<\/div>\n\t\t\t\t<div class=\"elementor-element elementor-element-9bdf4d0 elementor-widget elementor-widget-text-editor\" data-id=\"9bdf4d0\" data-element_type=\"widget\" data-widget_type=\"text-editor.default\">\n\t\t\t\t<div class=\"elementor-widget-container\">\n\t\t\t\t\t\t\t\t\t<p>K\u00e9rd\u00e9se, \u00e9szrev\u00e9tele lenne \u00d6nnek vagy szeretne egy\u00fcttm\u0171k\u00f6dni? \u00d6r\u00f6mmel veszem, ha felkeres! T\u00f6ltse ki az al\u00e1bbi \u0171rlapot \u00e9s hamarosan v\u00e1laszolok \u00d6nnek. K\u00f6sz\u00f6n\u00f6m \u00e9rdekl\u0151d\u00e9s\u00e9t!<\/p>\t\t\t\t\t\t\t\t<\/div>\n\t\t\t\t<\/div>\n\t\t\t\t<div class=\"elementor-element elementor-element-78871f7 elementor-mobile-align-center elementor-widget elementor-widget-button\" data-id=\"78871f7\" data-element_type=\"widget\" data-widget_type=\"button.default\">\n\t\t\t\t<div class=\"elementor-widget-container\">\n\t\t\t\t\t\t\t\t\t<div class=\"elementor-button-wrapper\">\n\t\t\t\t\t<a class=\"elementor-button elementor-button-link elementor-size-sm\" href=\"#urlap\">\n\t\t\t\t\t\t<span class=\"elementor-button-content-wrapper\">\n\t\t\t\t\t\t\t\t\t<span class=\"elementor-button-text\">\u00dczenetk\u00fcld\u00e9s<\/span>\n\t\t\t\t\t<\/span>\n\t\t\t\t\t<\/a>\n\t\t\t\t<\/div>\n\t\t\t\t\t\t\t\t<\/div>\n\t\t\t\t<\/div>\n\t\t\t\t<\/div>\n\t\t<div class=\"elementor-element elementor-element-c9cebe5 e-con-full e-flex e-con e-child\" data-id=\"c9cebe5\" data-element_type=\"container\">\n\t\t\t\t<div class=\"elementor-element elementor-element-7a138b9 elementor-widget elementor-widget-image\" data-id=\"7a138b9\" data-element_type=\"widget\" data-widget_type=\"image.default\">\n\t\t\t\t<div class=\"elementor-widget-container\">\n\t\t\t\t\t\t\t\t\t\t\t\t\t\t\t<img fetchpriority=\"high\" decoding=\"async\" width=\"741\" height=\"671\" src=\"https:\/\/drjakics.panasztjelentek.hu\/wp-content\/uploads\/2023\/09\/1-5.png\" class=\"attachment-large size-large wp-image-715\" alt=\"\" srcset=\"https:\/\/drjakics.panasztjelentek.hu\/wp-content\/uploads\/2023\/09\/1-5.png 741w, https:\/\/drjakics.panasztjelentek.hu\/wp-content\/uploads\/2023\/09\/1-5-300x272.png 300w, https:\/\/drjakics.panasztjelentek.hu\/wp-content\/uploads\/2023\/09\/1-5-600x543.png 600w\" sizes=\"(max-width: 741px) 100vw, 741px\" \/>\t\t\t\t\t\t\t\t\t\t\t\t\t\t\t<\/div>\n\t\t\t\t<\/div>\n\t\t\t\t<\/div>\n\t\t\t\t<\/div>\n\t\t<div class=\"elementor-element elementor-element-8db0868 e-con-full e-flex e-con e-parent\" data-id=\"8db0868\" data-element_type=\"container\" data-settings=\"{&quot;background_background&quot;:&quot;classic&quot;}\">\n\t\t\t\t<div class=\"elementor-element elementor-element-f1a0451 elementor-widget elementor-widget-heading\" data-id=\"f1a0451\" data-element_type=\"widget\" data-widget_type=\"heading.default\">\n\t\t\t\t<div class=\"elementor-widget-container\">\n\t\t\t\t\t<h2 class=\"elementor-heading-title elementor-size-default\">El\u00e9rhet\u0151s\u00e9geim<\/h2>\t\t\t\t<\/div>\n\t\t\t\t<\/div>\n\t\t<div class=\"elementor-element elementor-element-2fc7412 e-con-full e-flex e-con e-child\" data-id=\"2fc7412\" data-element_type=\"container\">\n\t\t\t\t<div class=\"elementor-element elementor-element-048314c elementor-position-left elementor-widget__width-inherit elementor-vertical-align-top elementor-widget elementor-widget-image-box\" data-id=\"048314c\" data-element_type=\"widget\" data-widget_type=\"image-box.default\">\n\t\t\t\t<div class=\"elementor-widget-container\">\n\t\t\t\t\t<div class=\"elementor-image-box-wrapper\"><figure class=\"elementor-image-box-img\"><a href=\"tel:+36306848729\" target=\"_blank\" tabindex=\"-1\"><img decoding=\"async\" width=\"162\" height=\"134\" src=\"https:\/\/drjakics.panasztjelentek.hu\/wp-content\/uploads\/2023\/09\/Eszkoz-10.png\" class=\"attachment-large size-large wp-image-79\" alt=\"\" \/><\/a><\/figure><div class=\"elementor-image-box-content\"><h3 class=\"elementor-image-box-title\"><a href=\"tel:+36306848729\" target=\"_blank\">Telefon:<\/a><\/h3><p class=\"elementor-image-box-description\"><a href=\"tel:+36306848729\">+3630\/6848729<\/a><\/p><\/div><\/div>\t\t\t\t<\/div>\n\t\t\t\t<\/div>\n\t\t\t\t<div class=\"elementor-element elementor-element-10434e7 elementor-position-left elementor-widget__width-inherit elementor-vertical-align-top elementor-widget elementor-widget-image-box\" data-id=\"10434e7\" data-element_type=\"widget\" data-widget_type=\"image-box.default\">\n\t\t\t\t<div class=\"elementor-widget-container\">\n\t\t\t\t\t<div class=\"elementor-image-box-wrapper\"><figure class=\"elementor-image-box-img\"><a href=\"mailto:drmiroda@gmail.com\" target=\"_blank\" tabindex=\"-1\"><img decoding=\"async\" width=\"161\" height=\"133\" src=\"https:\/\/drjakics.panasztjelentek.hu\/wp-content\/uploads\/2023\/09\/Eszkoz-11.png\" class=\"attachment-large size-large wp-image-80\" alt=\"\" \/><\/a><\/figure><div class=\"elementor-image-box-content\"><h3 class=\"elementor-image-box-title\"><a href=\"mailto:drmiroda@gmail.com\" target=\"_blank\">Email c\u00edm:<\/a><\/h3><p class=\"elementor-image-box-description\"><a href=\"mailto:drmiroda@gmail.com\">drmiroda@gmail.com<\/a><\/p><\/div><\/div>\t\t\t\t<\/div>\n\t\t\t\t<\/div>\n\t\t\t\t<div class=\"elementor-element elementor-element-24811e6 elementor-position-left elementor-widget__width-inherit elementor-vertical-align-top elementor-widget elementor-widget-image-box\" data-id=\"24811e6\" data-element_type=\"widget\" data-widget_type=\"image-box.default\">\n\t\t\t\t<div class=\"elementor-widget-container\">\n\t\t\t\t\t<div class=\"elementor-image-box-wrapper\"><figure class=\"elementor-image-box-img\"><a href=\"https:\/\/maps.app.goo.gl\/KiBQsjfeaDSegckF9\" target=\"_blank\" tabindex=\"-1\"><img loading=\"lazy\" decoding=\"async\" width=\"161\" height=\"134\" src=\"https:\/\/drjakics.panasztjelentek.hu\/wp-content\/uploads\/2023\/09\/Eszkoz-12.png\" class=\"attachment-large size-large wp-image-165\" alt=\"\" \/><\/a><\/figure><div class=\"elementor-image-box-content\"><h3 class=\"elementor-image-box-title\"><a href=\"https:\/\/maps.app.goo.gl\/KiBQsjfeaDSegckF9\" target=\"_blank\">Hely:<\/a><\/h3><p class=\"elementor-image-box-description\"><a href=\"https:\/\/maps.app.goo.gl\/KiBQsjfeaDSegckF9\">2800 Tatab\u00e1nya, <br>R\u00e9ti \u00fat 164.<\/a><\/p><\/div><\/div>\t\t\t\t<\/div>\n\t\t\t\t<\/div>\n\t\t\t\t<\/div>\n\t\t\t\t<\/div>\n\t\t<div class=\"elementor-element elementor-element-eafe625 e-con-full e-flex e-con e-parent\" data-id=\"eafe625\" data-element_type=\"container\">\n\t\t<div class=\"elementor-element elementor-element-268aef9 e-con-full e-flex e-con e-child\" data-id=\"268aef9\" data-element_type=\"container\">\n\t\t\t\t<div class=\"elementor-element elementor-element-fbbab41 elementor-widget elementor-widget-heading\" data-id=\"fbbab41\" data-element_type=\"widget\" data-widget_type=\"heading.default\">\n\t\t\t\t<div class=\"elementor-widget-container\">\n\t\t\t\t\t<h2 class=\"elementor-heading-title elementor-size-default\">Kapcsolatfelv\u00e9tel<\/h2>\t\t\t\t<\/div>\n\t\t\t\t<\/div>\n\t\t\t\t<div class=\"elementor-element elementor-element-f05180a elementor-widget elementor-widget-text-editor\" data-id=\"f05180a\" data-element_type=\"widget\" data-widget_type=\"text-editor.default\">\n\t\t\t\t<div class=\"elementor-widget-container\">\n\t\t\t\t\t\t\t\t\t<p>Lorem ipsum dolor sit amet, consectetur adipiscing elit. Ut elit tellus, luctus nec ullamcorper mattis, pulvinar dapibus leo. Lorem ipsum dolor sit amet, consectetur adipiscing elit. Ut elit tellus, luctus nec ullamcorper mattis, pulvinar dapibus leo.<\/p><p>Lorem ipsum dolor sit amet, consectetur adipiscing elit. Ut elit tellus, luctus nec ullamcorper mattis, pulvinar dapibus leo. Lorem ipsum dolor sit amet, consectetur adipiscing elit. Ut elit tellus, luctus nec ullamcorper mattis, pulvinar dapibus leo.<\/p><p>Lorem ipsum dolor sit amet, consectetur adipiscing elit. Ut elit tellus, luctus nec ullamcorper mattis, pulvinar dapibus leo.Lorem ipsum dolor sit amet, consectetur adipiscing elit. Ut elit tellus, luctus nec ullamcorper mattis, pulvinar dapibus leo.<\/p><p>Lorem ipsum dolor sit amet, consectetur adipiscing elit. Ut elit tellus, luctus nec ullamcorper mattis, pulvinar dapibus leo.Lorem ipsum dolor sit amet, consectetur adipiscing elit. Ut elit tellus, luctus nec ullamcorper mattis, pulvinar dapibus leo.<\/p>\t\t\t\t\t\t\t\t<\/div>\n\t\t\t\t<\/div>\n\t\t\t\t<div class=\"elementor-element elementor-element-2ad3fcd elementor-widget elementor-widget-heading\" data-id=\"2ad3fcd\" data-element_type=\"widget\" data-widget_type=\"heading.default\">\n\t\t\t\t<div class=\"elementor-widget-container\">\n\t\t\t\t\t<h6 class=\"elementor-heading-title elementor-size-default\">ADATV\u00c9DELMI T\u00c1J\u00c9KOZTAT\u00d3<\/h6>\t\t\t\t<\/div>\n\t\t\t\t<\/div>\n\t\t\t\t<div class=\"elementor-element elementor-element-0c98b56 elementor-widget elementor-widget-heading\" data-id=\"0c98b56\" data-element_type=\"widget\" data-widget_type=\"heading.default\">\n\t\t\t\t<div class=\"elementor-widget-container\">\n\t\t\t\t\t<h6 class=\"elementor-heading-title elementor-size-default\">S\u00dcTI T\u00c1J\u00c9KOZTAT\u00d3<\/h6>\t\t\t\t<\/div>\n\t\t\t\t<\/div>\n\t\t\t\t<\/div>\n\t\t<div class=\"elementor-element elementor-element-3a70d3e e-con-full e-flex e-con e-child\" data-id=\"3a70d3e\" data-element_type=\"container\">\n\t\t\t\t<div class=\"elementor-element elementor-element-2d55c9f elementor-widget elementor-widget-menu-anchor\" data-id=\"2d55c9f\" data-element_type=\"widget\" data-widget_type=\"menu-anchor.default\">\n\t\t\t\t<div class=\"elementor-widget-container\">\n\t\t\t\t\t\t\t<div class=\"elementor-menu-anchor\" id=\"urlap\"><\/div>\n\t\t\t\t\t\t<\/div>\n\t\t\t\t<\/div>\n\t\t\t\t<div class=\"elementor-element elementor-element-8537137 elementor-widget elementor-widget-shortcode\" data-id=\"8537137\" data-element_type=\"widget\" data-widget_type=\"shortcode.default\">\n\t\t\t\t<div class=\"elementor-widget-container\">\n\t\t\t\t\t\t\t<div class=\"elementor-shortcode\">[gravityform id=\"2\" title=\"false\"]<\/div>\n\t\t\t\t\t\t<\/div>\n\t\t\t\t<\/div>\n\t\t\t\t<\/div>\n\t\t\t\t<\/div>\n\t\t\t\t<\/div>","protected":false},"excerpt":{"rendered":"<p>Teljesk\u00f6r\u0171 jogi szolg\u00e1ltat\u00e1sok K\u00e9rd\u00e9se, \u00e9szrev\u00e9tele lenne \u00d6nnek vagy szeretne egy\u00fcttm\u0171k\u00f6dni? \u00d6r\u00f6mmel veszem, ha felkeres! T\u00f6ltse ki az al\u00e1bbi \u0171rlapot \u00e9s hamarosan v\u00e1laszolok \u00d6nnek. K\u00f6sz\u00f6n\u00f6m \u00e9rdekl\u0151d\u00e9s\u00e9t! \u00dczenetk\u00fcld\u00e9s El\u00e9rhet\u0151s\u00e9geim Telefon: +3630\/6848729 Email c\u00edm: drmiroda@gmail.com Hely: 2800 Tatab\u00e1nya, R\u00e9ti \u00fat 164. Kapcsolatfelv\u00e9tel Lorem ipsum dolor sit amet, consectetur adipiscing elit. Ut elit tellus, luctus nec ullamcorper mattis, pulvinar &#8230; <a title=\"Kapcsolat\" class=\"read-more\" href=\"https:\/\/drjakics.panasztjelentek.hu\/es\/kapcsolat\/\" aria-label=\"Leer m\u00e1s sobre Kapcsolat\">Leer m\u00e1s<\/a><\/p>","protected":false},"author":1,"featured_media":0,"parent":0,"menu_order":0,"comment_status":"closed","ping_status":"closed","template":"elementor_header_footer","meta":{"footnotes":""},"class_list":["post-683","page","type-page","status-publish"],"_links":{"self":[{"href":"https:\/\/drjakics.panasztjelentek.hu\/es\/wp-json\/wp\/v2\/pages\/683","targetHints":{"allow":["GET"]}}],"collection":[{"href":"https:\/\/drjakics.panasztjelentek.hu\/es\/wp-json\/wp\/v2\/pages"}],"about":[{"href":"https:\/\/drjakics.panasztjelentek.hu\/es\/wp-json\/wp\/v2\/types\/page"}],"author":[{"embeddable":true,"href":"https:\/\/drjakics.panasztjelentek.hu\/es\/wp-json\/wp\/v2\/users\/1"}],"replies":[{"embeddable":true,"href":"https:\/\/drjakics.panasztjelentek.hu\/es\/wp-json\/wp\/v2\/comments?post=683"}],"version-history":[{"count":67,"href":"https:\/\/drjakics.panasztjelentek.hu\/es\/wp-json\/wp\/v2\/pages\/683\/revisions"}],"predecessor-version":[{"id":1633,"href":"https:\/\/drjakics.panasztjelentek.hu\/es\/wp-json\/wp\/v2\/pages\/683\/revisions\/1633"}],"wp:attachment":[{"href":"https:\/\/drjakics.panasztjelentek.hu\/es\/wp-json\/wp\/v2\/media?parent=683"}],"curies":[{"name":"wp","href":"https:\/\/api.w.org\/{rel}","templated":true}]}}