{"id":401,"date":"2023-09-21T13:18:31","date_gmt":"2023-09-21T11:18:31","guid":{"rendered":"https:\/\/panasztjelentek.hu\/?page_id=401"},"modified":"2023-10-20T15:04:19","modified_gmt":"2023-10-20T13:04:19","slug":"bemutatkozas","status":"publish","type":"page","link":"https:\/\/drjakics.panasztjelentek.hu\/es\/bemutatkozas\/","title":{"rendered":"Bemutatkoz\u00e1s"},"content":{"rendered":"<div data-elementor-type=\"wp-page\" data-elementor-id=\"401\" class=\"elementor elementor-401\" data-elementor-post-type=\"page\">\n\t\t\t\t<div class=\"elementor-element elementor-element-ef669f7 e-con-full e-flex e-con e-parent\" data-id=\"ef669f7\" data-element_type=\"container\" data-settings=\"{&quot;background_background&quot;:&quot;classic&quot;,&quot;shape_divider_bottom&quot;:&quot;waves&quot;,&quot;shape_divider_bottom_negative&quot;:&quot;yes&quot;}\">\n\t\t\t\t<div class=\"elementor-shape elementor-shape-bottom\" aria-hidden=\"true\" data-negative=\"true\">\n\t\t\t<svg xmlns=\"http:\/\/www.w3.org\/2000\/svg\" viewbox=\"0 0 1000 100\" preserveaspectratio=\"none\">\n\t<path class=\"elementor-shape-fill\" d=\"M790.5,93.1c-59.3-5.3-116.8-18-192.6-50c-29.6-12.7-76.9-31-100.5-35.9c-23.6-4.9-52.6-7.8-75.5-5.3\tc-10.2,1.1-22.6,1.4-50.1,7.4c-27.2,6.3-58.2,16.6-79.4,24.7c-41.3,15.9-94.9,21.9-134,22.6C72,58.2,0,25.8,0,25.8V100h1000V65.3\tc0,0-51.5,19.4-106.2,25.7C839.5,97,814.1,95.2,790.5,93.1z\"\/>\n<\/svg>\t\t<\/div>\n\t\t<div class=\"elementor-element elementor-element-6d4ad82 e-con-full e-flex e-con e-child\" data-id=\"6d4ad82\" data-element_type=\"container\">\n\t\t\t\t<div class=\"elementor-element elementor-element-32f56d6 elementor-widget elementor-widget-heading\" data-id=\"32f56d6\" data-element_type=\"widget\" data-widget_type=\"heading.default\">\n\t\t\t\t<div class=\"elementor-widget-container\">\n\t\t\t\t\t<h2 class=\"elementor-heading-title elementor-size-default\">Ismerj\u00fck meg Egym\u00e1st!<\/h2>\t\t\t\t<\/div>\n\t\t\t\t<\/div>\n\t\t\t\t<div class=\"elementor-element elementor-element-94193d9 elementor-widget elementor-widget-text-editor\" data-id=\"94193d9\" data-element_type=\"widget\" data-widget_type=\"text-editor.default\">\n\t\t\t\t<div class=\"elementor-widget-container\">\n\t\t\t\t\t\t\t\t\t<p>\u00dcdv\u00f6zl\u00f6m, Dr. Jakics M\u00f3nika Zsuzsanna vagyok. M\u00e9lyrehat\u00f3 szakmai tapasztalattal \u00e9s sz\u00e9lesk\u00f6r\u0171 jogi ismeretekkel rendelkezem, legyen sz\u00f3 gazdas\u00e1gi b\u00fcntet\u0151jogr\u00f3l, alternat\u00edv vitarendez\u00e9sr\u0151l, compliance-r\u00f3l vagy ak\u00e1r felsz\u00e1mol\u00e1si elj\u00e1r\u00e1sokr\u00f3l.\u00a0<\/p><p>A k\u00e9rd\u00e9s egyszer\u0171: &#8222;Hogyan seg\u00edthetek \u00d6nnek?&#8221; J\u00f3 h\u00edr: a v\u00e1lasz az, hogy sz\u00e9lesk\u00f6r\u0171en tudok seg\u00edteni. \u00c9rthet\u0151, vil\u00e1gos \u00e9s k\u00f6zvetlen kommunik\u00e1ci\u00f3val j\u00e1rulok hozz\u00e1 a probl\u00e9m\u00e1inak gyors \u00e9s hat\u00e9kony megold\u00e1s\u00e1hoz.<\/p>\t\t\t\t\t\t\t\t<\/div>\n\t\t\t\t<\/div>\n\t\t\t\t<\/div>\n\t\t<div class=\"elementor-element elementor-element-51c05d9 e-con-full e-flex e-con e-child\" data-id=\"51c05d9\" data-element_type=\"container\">\n\t\t\t\t<div class=\"elementor-element elementor-element-e6d5b17 elementor-widget elementor-widget-image\" data-id=\"e6d5b17\" data-element_type=\"widget\" data-widget_type=\"image.default\">\n\t\t\t\t<div class=\"elementor-widget-container\">\n\t\t\t\t\t\t\t\t\t\t\t\t\t\t\t<img fetchpriority=\"high\" decoding=\"async\" width=\"658\" height=\"679\" src=\"https:\/\/drjakics.panasztjelentek.hu\/wp-content\/uploads\/2023\/09\/1-1.png\" class=\"attachment-large size-large wp-image-404\" alt=\"\" srcset=\"https:\/\/drjakics.panasztjelentek.hu\/wp-content\/uploads\/2023\/09\/1-1.png 658w, https:\/\/drjakics.panasztjelentek.hu\/wp-content\/uploads\/2023\/09\/1-1-600x619.png 600w, https:\/\/drjakics.panasztjelentek.hu\/wp-content\/uploads\/2023\/09\/1-1-291x300.png 291w\" sizes=\"(max-width: 658px) 100vw, 658px\" \/>\t\t\t\t\t\t\t\t\t\t\t\t\t\t\t<\/div>\n\t\t\t\t<\/div>\n\t\t\t\t<\/div>\n\t\t\t\t<\/div>\n\t\t<div class=\"elementor-element elementor-element-2935a33 e-con-full e-flex e-con e-parent\" data-id=\"2935a33\" data-element_type=\"container\">\n\t\t\t\t<div class=\"elementor-element elementor-element-964f6ba elementor-blockquote--skin-quotation elementor-blockquote--align-center elementor-hidden-desktop elementor-hidden-tablet elementor-hidden-mobile elementor-blockquote--button-color-official elementor-widget elementor-widget-blockquote\" data-id=\"964f6ba\" data-element_type=\"widget\" data-widget_type=\"blockquote.default\">\n\t\t\t\t<div class=\"elementor-widget-container\">\n\t\t\t\t\t\t\t<blockquote class=\"elementor-blockquote\">\n\t\t\t<p class=\"elementor-blockquote__content\">\n\t\t\t\t<b>Jogi k\u00e9rd\u00e9sekre up-to-the-minute (naprak\u00e9sz)szak\u00e9rtelemmel, probl\u00e9m\u00e1kra lehet\u0151 legel\u0151ny\u00f6sebb megold\u00e1ssal felel\u00fcnk!<\/b>\t\t\t<\/p>\n\t\t\t\t\t<\/blockquote>\n\t\t\t\t\t\t<\/div>\n\t\t\t\t<\/div>\n\t\t\t\t<\/div>\n\t\t<div class=\"elementor-element elementor-element-938de48 e-con-full e-flex e-con e-parent\" data-id=\"938de48\" data-element_type=\"container\">\n\t\t<div class=\"elementor-element elementor-element-5034eeb e-con-full e-flex e-con e-child\" data-id=\"5034eeb\" data-element_type=\"container\">\n\t\t\t\t<div class=\"elementor-element elementor-element-b3a30ee elementor-widget elementor-widget-heading\" data-id=\"b3a30ee\" data-element_type=\"widget\" data-widget_type=\"heading.default\">\n\t\t\t\t<div class=\"elementor-widget-container\">\n\t\t\t\t\t<h2 class=\"elementor-heading-title elementor-size-default\">Hogyan seg\u00edthetek \u00d6nnek?<\/h2>\t\t\t\t<\/div>\n\t\t\t\t<\/div>\n\t\t\t\t<div class=\"elementor-element elementor-element-1623ede elementor-widget elementor-widget-text-editor\" data-id=\"1623ede\" data-element_type=\"widget\" data-widget_type=\"text-editor.default\">\n\t\t\t\t<div class=\"elementor-widget-container\">\n\t\t\t\t\t\t\t\t\t<p>Szuper, hogy itt tartunk! Egy jogi probl\u00e9ma vagy \u00e9lethelyzeti kih\u00edv\u00e1s komplex \u00e9s stresszes lehet, de j\u00f3 kezekben van. Egy\u00fcttm\u0171k\u00f6d\u00e9s\u00fcnk sor\u00e1n transzparens \u00e9s vil\u00e1gos l\u00e9p\u00e9sekkel navig\u00e1ljuk \u00e1t az \u00d6nt \u00e9rint\u0151 k\u00e9rd\u00e9sekben, c\u00e9lunk mindig a leghat\u00e9konyabb \u00e9s leggyorsabb megold\u00e1s. Ne habozzon, kattintson az al\u00e1bbi gombra, hogy felfedezze a szolg\u00e1ltat\u00e1sok sz\u00e9les k\u00f6r\u00e9t, amelyekkel az \u00d6n ig\u00e9nyeit ki tudjuk el\u00e9g\u00edteni.<\/p>\t\t\t\t\t\t\t\t<\/div>\n\t\t\t\t<\/div>\n\t\t\t\t<div class=\"elementor-element elementor-element-b9d91e8 elementor-align-left elementor-mobile-align-center elementor-widget elementor-widget-button\" data-id=\"b9d91e8\" data-element_type=\"widget\" data-widget_type=\"button.default\">\n\t\t\t\t<div class=\"elementor-widget-container\">\n\t\t\t\t\t\t\t\t\t<div class=\"elementor-button-wrapper\">\n\t\t\t\t\t<a class=\"elementor-button elementor-button-link elementor-size-sm\" href=\"https:\/\/drjakics.drjakics.panasztjelentek.hu\/jogi-szolgaltatasok\/\">\n\t\t\t\t\t\t<span class=\"elementor-button-content-wrapper\">\n\t\t\t\t\t\t\t\t\t<span class=\"elementor-button-text\">Szolg\u00e1ltat\u00e1sok<\/span>\n\t\t\t\t\t<\/span>\n\t\t\t\t\t<\/a>\n\t\t\t\t<\/div>\n\t\t\t\t\t\t\t\t<\/div>\n\t\t\t\t<\/div>\n\t\t\t\t<\/div>\n\t\t<div class=\"elementor-element elementor-element-13b8688 e-con-full e-flex e-con e-child\" data-id=\"13b8688\" data-element_type=\"container\">\n\t\t\t\t<div class=\"elementor-element elementor-element-1156337 elementor-widget elementor-widget-image\" data-id=\"1156337\" data-element_type=\"widget\" data-widget_type=\"image.default\">\n\t\t\t\t<div class=\"elementor-widget-container\">\n\t\t\t\t\t\t\t\t\t\t\t\t\t\t\t<img decoding=\"async\" width=\"763\" height=\"690\" src=\"https:\/\/drjakics.panasztjelentek.hu\/wp-content\/uploads\/2023\/09\/2-1.png\" class=\"attachment-2048x2048 size-2048x2048 wp-image-405\" alt=\"\" srcset=\"https:\/\/drjakics.panasztjelentek.hu\/wp-content\/uploads\/2023\/09\/2-1.png 763w, https:\/\/drjakics.panasztjelentek.hu\/wp-content\/uploads\/2023\/09\/2-1-600x543.png 600w, https:\/\/drjakics.panasztjelentek.hu\/wp-content\/uploads\/2023\/09\/2-1-300x271.png 300w\" sizes=\"(max-width: 763px) 100vw, 763px\" \/>\t\t\t\t\t\t\t\t\t\t\t\t\t\t\t<\/div>\n\t\t\t\t<\/div>\n\t\t\t\t<\/div>\n\t\t\t\t<\/div>\n\t\t<div class=\"elementor-element elementor-element-bab2bc4 e-con-full e-flex e-con e-parent\" data-id=\"bab2bc4\" data-element_type=\"container\" data-settings=\"{&quot;background_background&quot;:&quot;classic&quot;}\">\n\t\t<div class=\"elementor-element elementor-element-e4e9c5b e-con-full e-flex e-con e-child\" data-id=\"e4e9c5b\" data-element_type=\"container\">\n\t\t\t\t<div class=\"elementor-element elementor-element-9357bf1 elementor-widget elementor-widget-heading\" data-id=\"9357bf1\" data-element_type=\"widget\" data-widget_type=\"heading.default\">\n\t\t\t\t<div class=\"elementor-widget-container\">\n\t\t\t\t\t<h3 class=\"elementor-heading-title elementor-size-default\">Mi a teend\u0151m, ha jogi\/ vagy \u00e9lethelyzeti probl\u00e9m\u00e1val szembes\u00fcl\u00f6k?<\/h3>\t\t\t\t<\/div>\n\t\t\t\t<\/div>\n\t\t\t\t<div class=\"elementor-element elementor-element-3f63eae elementor-widget elementor-widget-text-editor\" data-id=\"3f63eae\" data-element_type=\"widget\" data-widget_type=\"text-editor.default\">\n\t\t\t\t<div class=\"elementor-widget-container\">\n\t\t\t\t\t\t\t\t\t<p>Els\u0151 l\u00e9p\u00e9s: fel kell ismerni: egyed\u00fcl vagy szakember seg\u00edts\u00e9ge kell. M\u00e1sodik l\u00e9p\u00e9s: legyen sz\u00f3 szem\u00e9lyes, \u00fczleti, p\u00e9nz\u00fcgyi vagy m\u00e1s \u00fcgyekr\u0151l, fel kell keresni \u00e9s egy\u00fctt megvizsg\u00e1ljuk a helyzetet, alternat\u00edv\u00e1kat, kil\u00e1t\u00e1sokat \u00e9s az eredm\u00e9nyeket. Ezt k\u00f6vet\u0151en k\u00f6z\u00f6sen kidolgozzuk a legjobb strat\u00e9gi\u00e1t \u00e9s megold\u00e1st.<\/p>\t\t\t\t\t\t\t\t<\/div>\n\t\t\t\t<\/div>\n\t\t\t\t<\/div>\n\t\t<div class=\"elementor-element elementor-element-eea9812 e-con-full e-flex e-con e-child\" data-id=\"eea9812\" data-element_type=\"container\">\n\t\t\t\t<div class=\"elementor-element elementor-element-0f5cd94 elementor-widget elementor-widget-heading\" data-id=\"0f5cd94\" data-element_type=\"widget\" data-widget_type=\"heading.default\">\n\t\t\t\t<div class=\"elementor-widget-container\">\n\t\t\t\t\t<h3 class=\"elementor-heading-title elementor-size-default\">\u201eHogyan fogja megoldani a jogi probl\u00e9m\u00e1mat?\u201d<\/h3>\t\t\t\t<\/div>\n\t\t\t\t<\/div>\n\t\t\t\t<div class=\"elementor-element elementor-element-a9368e9 elementor-widget elementor-widget-text-editor\" data-id=\"a9368e9\" data-element_type=\"widget\" data-widget_type=\"text-editor.default\">\n\t\t\t\t<div class=\"elementor-widget-container\">\n\t\t\t\t\t\t\t\t\t<p>Minden \u00fcgy m\u00e1s \u00e9s m\u00e1s, m\u00e9g a saj\u00e1t \u00e9let\u00fcnkben is. Sz\u00fcks\u00e9ges az egyedi megk\u00f6zel\u00edt\u00e9s, a rugalmass\u00e1g \u00e9s a kreativit\u00e1s, hogy a lehet\u0151 legjobb eredm\u00e9nyt \u00e9rj\u00fck el az egy\u00fcttm\u0171k\u00f6d\u00e9s\u00fcnkkel.<\/p>\t\t\t\t\t\t\t\t<\/div>\n\t\t\t\t<\/div>\n\t\t\t\t<\/div>\n\t\t<div class=\"elementor-element elementor-element-671a917 e-con-full e-flex e-con e-child\" data-id=\"671a917\" data-element_type=\"container\">\n\t\t\t\t<div class=\"elementor-element elementor-element-b226cd4 elementor-widget elementor-widget-heading\" data-id=\"b226cd4\" data-element_type=\"widget\" data-widget_type=\"heading.default\">\n\t\t\t\t<div class=\"elementor-widget-container\">\n\t\t\t\t\t<h3 class=\"elementor-heading-title elementor-size-default\">\u201eMi tesz m\u00e1ss\u00e1 a t\u00f6bbi jogi szolg\u00e1ltat\u00f3kt\u00f3l?\u201d <\/h3>\t\t\t\t<\/div>\n\t\t\t\t<\/div>\n\t\t\t\t<div class=\"elementor-element elementor-element-b4736ac elementor-widget elementor-widget-text-editor\" data-id=\"b4736ac\" data-element_type=\"widget\" data-widget_type=\"text-editor.default\">\n\t\t\t\t<div class=\"elementor-widget-container\">\n\t\t\t\t\t\t\t\t\t<p>\u0150szint\u00e9n: semmi. Ugyanabb\u00f3l a jogrendszer \u00e9s tud\u00e1sanyag palett\u00e1b\u00f3l fest\u00fcnk a v\u00e1szonra, ki olcs\u00f3bban, ki dr\u00e1g\u00e1bban. Mikor probl\u00e9m\u00e1val k\u00fczd\u00f6k, sokat seg\u00edt a szem\u00e9lyes figyelem, a bizalom, a meg\u00e9rt\u00e9s, az \u00e1tl\u00e1that\u00f3 \u00e9s vil\u00e1gos kommunik\u00e1ci\u00f3. Ez\u00e9rt a jelmondatom: \u201eR\u00e9szletes, El\u00e9rhet\u0151 Megold\u00e1s Egy\u00fcttm\u0171k\u00f6d\u0151<br \/>Kommunik\u00e1ci\u00f3val, azaz REMEK!\u201d<\/p>\t\t\t\t\t\t\t\t<\/div>\n\t\t\t\t<\/div>\n\t\t\t\t<\/div>\n\t\t\t\t<\/div>\n\t\t<div class=\"elementor-element elementor-element-9174273 e-con-full e-flex e-con e-parent\" data-id=\"9174273\" data-element_type=\"container\">\n\t\t<div class=\"elementor-element elementor-element-50e6e67 e-con-full e-flex e-con e-child\" data-id=\"50e6e67\" data-element_type=\"container\">\n\t\t\t\t<div class=\"elementor-element elementor-element-1b6cfa4 elementor-widget elementor-widget-heading\" data-id=\"1b6cfa4\" data-element_type=\"widget\" data-widget_type=\"heading.default\">\n\t\t\t\t<div class=\"elementor-widget-container\">\n\t\t\t\t\t<h2 class=\"elementor-heading-title elementor-size-default\">L\u00e9pj\u00fcnk kapcsolatba!<\/h2>\t\t\t\t<\/div>\n\t\t\t\t<\/div>\n\t\t\t\t<div class=\"elementor-element elementor-element-d9126ce elementor-widget elementor-widget-text-editor\" data-id=\"d9126ce\" data-element_type=\"widget\" data-widget_type=\"text-editor.default\">\n\t\t\t\t<div class=\"elementor-widget-container\">\n\t\t\t\t\t\t\t\t\t<p>K\u00f6sz\u00f6n\u00f6m, hogy id\u0151t szak\u00edtott az ismerked\u00e9sre! Ha k\u00e9rd\u00e9sei vagy konkr\u00e9t \u00fcgyei vannak, ne t\u00e9tov\u00e1zzon. A nyitott, k\u00f6zvetlen kommunik\u00e1ci\u00f3 \u00e9s az \u00e1tl\u00e1that\u00f3 munka mindig a k\u00f6z\u00e9ppontban \u00e1ll. Kattintson az al\u00e1bbi gombra, \u00e9s l\u00e9pjen vel\u00fcnk kapcsolatba. \u00cdgy egy\u00fctt tal\u00e1lhatunk megold\u00e1st, hogy az \u00d6n probl\u00e9m\u00e1i csak m\u00falt id\u0151ben besz\u00e9lhet\u0151k legyenek. V\u00e1rom az \u00d6n jelentkez\u00e9s\u00e9t, hogy k\u00f6z\u00f6sen dolgozhassunk a siker \u00e9rdek\u00e9ben!<\/p>\t\t\t\t\t\t\t\t<\/div>\n\t\t\t\t<\/div>\n\t\t\t\t<div class=\"elementor-element elementor-element-0806b25 elementor-align-right elementor-mobile-align-center elementor-widget elementor-widget-button\" data-id=\"0806b25\" data-element_type=\"widget\" data-widget_type=\"button.default\">\n\t\t\t\t<div class=\"elementor-widget-container\">\n\t\t\t\t\t\t\t\t\t<div class=\"elementor-button-wrapper\">\n\t\t\t\t\t<a class=\"elementor-button elementor-button-link elementor-size-sm\" href=\"https:\/\/drjakics.drjakics.panasztjelentek.hu\/kapcsolat\/\">\n\t\t\t\t\t\t<span class=\"elementor-button-content-wrapper\">\n\t\t\t\t\t\t\t\t\t<span class=\"elementor-button-text\">Kapcsolat<\/span>\n\t\t\t\t\t<\/span>\n\t\t\t\t\t<\/a>\n\t\t\t\t<\/div>\n\t\t\t\t\t\t\t\t<\/div>\n\t\t\t\t<\/div>\n\t\t\t\t<\/div>\n\t\t<div class=\"elementor-element elementor-element-b74d7ec e-con-full elementor-hidden-mobile e-flex e-con e-child\" data-id=\"b74d7ec\" data-element_type=\"container\">\n\t\t\t\t<div class=\"elementor-element elementor-element-4c8099e elementor-widget elementor-widget-image\" data-id=\"4c8099e\" data-element_type=\"widget\" data-widget_type=\"image.default\">\n\t\t\t\t<div class=\"elementor-widget-container\">\n\t\t\t\t\t\t\t\t\t\t\t\t\t\t\t<img decoding=\"async\" width=\"749\" height=\"688\" src=\"https:\/\/drjakics.panasztjelentek.hu\/wp-content\/uploads\/2023\/09\/3.png\" class=\"attachment-large size-large wp-image-406\" alt=\"\" srcset=\"https:\/\/drjakics.panasztjelentek.hu\/wp-content\/uploads\/2023\/09\/3.png 749w, https:\/\/drjakics.panasztjelentek.hu\/wp-content\/uploads\/2023\/09\/3-600x551.png 600w, https:\/\/drjakics.panasztjelentek.hu\/wp-content\/uploads\/2023\/09\/3-300x276.png 300w\" sizes=\"(max-width: 749px) 100vw, 749px\" \/>\t\t\t\t\t\t\t\t\t\t\t\t\t\t\t<\/div>\n\t\t\t\t<\/div>\n\t\t\t\t<\/div>\n\t\t\t\t<\/div>\n\t\t\t\t<\/div>","protected":false},"excerpt":{"rendered":"<p>Ismerj\u00fck meg Egym\u00e1st! \u00dcdv\u00f6zl\u00f6m, Dr. Jakics M\u00f3nika Zsuzsanna vagyok. M\u00e9lyrehat\u00f3 szakmai tapasztalattal \u00e9s sz\u00e9lesk\u00f6r\u0171 jogi ismeretekkel rendelkezem, legyen sz\u00f3 gazdas\u00e1gi b\u00fcntet\u0151jogr\u00f3l, alternat\u00edv vitarendez\u00e9sr\u0151l, compliance-r\u00f3l vagy ak\u00e1r felsz\u00e1mol\u00e1si elj\u00e1r\u00e1sokr\u00f3l.\u00a0 A k\u00e9rd\u00e9s egyszer\u0171: &#8222;Hogyan seg\u00edthetek \u00d6nnek?&#8221; J\u00f3 h\u00edr: a v\u00e1lasz az, hogy sz\u00e9lesk\u00f6r\u0171en tudok seg\u00edteni. \u00c9rthet\u0151, vil\u00e1gos \u00e9s k\u00f6zvetlen kommunik\u00e1ci\u00f3val j\u00e1rulok hozz\u00e1 a probl\u00e9m\u00e1inak gyors \u00e9s hat\u00e9kony &#8230; <a title=\"Bemutatkoz\u00e1s\" class=\"read-more\" href=\"https:\/\/drjakics.panasztjelentek.hu\/es\/bemutatkozas\/\" aria-label=\"Leer m\u00e1s sobre Bemutatkoz\u00e1s\">Leer m\u00e1s<\/a><\/p>","protected":false},"author":1,"featured_media":0,"parent":0,"menu_order":0,"comment_status":"closed","ping_status":"closed","template":"","meta":{"footnotes":""},"class_list":["post-401","page","type-page","status-publish"],"_links":{"self":[{"href":"https:\/\/drjakics.panasztjelentek.hu\/es\/wp-json\/wp\/v2\/pages\/401","targetHints":{"allow":["GET"]}}],"collection":[{"href":"https:\/\/drjakics.panasztjelentek.hu\/es\/wp-json\/wp\/v2\/pages"}],"about":[{"href":"https:\/\/drjakics.panasztjelentek.hu\/es\/wp-json\/wp\/v2\/types\/page"}],"author":[{"embeddable":true,"href":"https:\/\/drjakics.panasztjelentek.hu\/es\/wp-json\/wp\/v2\/users\/1"}],"replies":[{"embeddable":true,"href":"https:\/\/drjakics.panasztjelentek.hu\/es\/wp-json\/wp\/v2\/comments?post=401"}],"version-history":[{"count":76,"href":"https:\/\/drjakics.panasztjelentek.hu\/es\/wp-json\/wp\/v2\/pages\/401\/revisions"}],"predecessor-version":[{"id":1629,"href":"https:\/\/drjakics.panasztjelentek.hu\/es\/wp-json\/wp\/v2\/pages\/401\/revisions\/1629"}],"wp:attachment":[{"href":"https:\/\/drjakics.panasztjelentek.hu\/es\/wp-json\/wp\/v2\/media?parent=401"}],"curies":[{"name":"wp","href":"https:\/\/api.w.org\/{rel}","templated":true}]}}