{"id":1390,"date":"2023-10-16T15:05:25","date_gmt":"2023-10-16T13:05:25","guid":{"rendered":"https:\/\/panasztjelentek.hu\/?page_id=1390"},"modified":"2023-10-19T12:02:05","modified_gmt":"2023-10-19T10:02:05","slug":"adatok-veglegesitese","status":"publish","type":"page","link":"https:\/\/drjakics.panasztjelentek.hu\/es\/adatok-veglegesitese\/","title":{"rendered":"Regisztr\u00e1ci\u00f3"},"content":{"rendered":"<div data-elementor-type=\"wp-page\" data-elementor-id=\"1390\" class=\"elementor elementor-1390\" data-elementor-post-type=\"page\">\n\t\t\t\t<div class=\"elementor-element elementor-element-3d24f9f e-flex e-con-boxed e-con e-parent\" data-id=\"3d24f9f\" data-element_type=\"container\">\n\t\t\t\t\t<div class=\"e-con-inner\">\n\t\t\t\t<div class=\"elementor-element elementor-element-3024a2f elementor-widget elementor-widget-text-editor\" data-id=\"3024a2f\" data-element_type=\"widget\" data-widget_type=\"text-editor.default\">\n\t\t\t\t<div class=\"elementor-widget-container\">\n\t\t\t\t\t\t\t\t\t<p>gener\u00e1lt visszaigazol\u00f3ba dinamikusan bele kell rakni az adott felhaszn\u00e1l\u00f3 ID-j\u00e1t \u00e9s ez\u00e1ltal k\u00f6nnyen beazonos\u00edthat\u00f3 lesz \ud83d\ude42<\/p>\t\t\t\t\t\t\t\t<\/div>\n\t\t\t\t<\/div>\n\t\t\t\t\t<\/div>\n\t\t\t\t<\/div>\n\t\t<div class=\"elementor-element elementor-element-7bb29db e-flex e-con-boxed e-con e-parent\" data-id=\"7bb29db\" data-element_type=\"container\">\n\t\t\t\t\t<div class=\"e-con-inner\">\n\t\t\t\t<div class=\"elementor-element elementor-element-4b86d94 elementor-widget elementor-widget-shortcode\" data-id=\"4b86d94\" data-element_type=\"widget\" data-widget_type=\"shortcode.default\">\n\t\t\t\t<div class=\"elementor-widget-container\">\n\t\t\t\t\t\t\t<div class=\"elementor-shortcode\">[gravityform id=\"6\"]<\/div>\n\t\t\t\t\t\t<\/div>\n\t\t\t\t<\/div>\n\t\t\t\t\t<\/div>\n\t\t\t\t<\/div>\n\t\t\t\t<\/div>","protected":false},"excerpt":{"rendered":"<p>gener\u00e1lt visszaigazol\u00f3ba dinamikusan bele kell rakni az adott felhaszn\u00e1l\u00f3 ID-j\u00e1t \u00e9s ez\u00e1ltal k\u00f6nnyen beazonos\u00edthat\u00f3 lesz \ud83d\ude42 [gravityform id=&#8221;6&#8243;]<\/p>","protected":false},"author":1,"featured_media":0,"parent":0,"menu_order":0,"comment_status":"closed","ping_status":"closed","template":"","meta":{"footnotes":""},"class_list":["post-1390","page","type-page","status-publish"],"_links":{"self":[{"href":"https:\/\/drjakics.panasztjelentek.hu\/es\/wp-json\/wp\/v2\/pages\/1390","targetHints":{"allow":["GET"]}}],"collection":[{"href":"https:\/\/drjakics.panasztjelentek.hu\/es\/wp-json\/wp\/v2\/pages"}],"about":[{"href":"https:\/\/drjakics.panasztjelentek.hu\/es\/wp-json\/wp\/v2\/types\/page"}],"author":[{"embeddable":true,"href":"https:\/\/drjakics.panasztjelentek.hu\/es\/wp-json\/wp\/v2\/users\/1"}],"replies":[{"embeddable":true,"href":"https:\/\/drjakics.panasztjelentek.hu\/es\/wp-json\/wp\/v2\/comments?post=1390"}],"version-history":[{"count":8,"href":"https:\/\/drjakics.panasztjelentek.hu\/es\/wp-json\/wp\/v2\/pages\/1390\/revisions"}],"predecessor-version":[{"id":1619,"href":"https:\/\/drjakics.panasztjelentek.hu\/es\/wp-json\/wp\/v2\/pages\/1390\/revisions\/1619"}],"wp:attachment":[{"href":"https:\/\/drjakics.panasztjelentek.hu\/es\/wp-json\/wp\/v2\/media?parent=1390"}],"curies":[{"name":"wp","href":"https:\/\/api.w.org\/{rel}","templated":true}]}}