{"id":617,"date":"2023-09-26T11:01:40","date_gmt":"2023-09-26T09:01:40","guid":{"rendered":"https:\/\/panasztjelentek.hu\/?post_type=product&#038;p=617"},"modified":"2023-10-17T11:36:46","modified_gmt":"2023-10-17T09:36:46","slug":"e-konyv-4","status":"publish","type":"product","link":"https:\/\/drjakics.panasztjelentek.hu\/en\/product\/e-konyv-4\/","title":{"rendered":"E-k\u00f6nyv #4"},"content":{"rendered":"<p>Ez a jogi e-k\u00f6nyv egy r\u00e9szletes \u00e9s \u00e1tfog\u00f3 forr\u00e1s jogi ismeretekkel rendelkez\u0151 olvas\u00f3k sz\u00e1m\u00e1ra. A k\u00f6nyv bemutatja a jogi alapelveket, foglalkozik a legfontosabb jogi k\u00e9rd\u00e9sekkel, p\u00e9ld\u00e1kat \u00e9s eseteket t\u00e1rgyal, \u00e9s hasznos gyakorlati tan\u00e1csokat ny\u00fajt mindennapi \u00e9let- \u00e9s \u00fczleti helyzetekre. A sz\u00e9lesk\u00f6r\u0171 jogi t\u00e9m\u00e1kat, mint p\u00e9ld\u00e1ul szerz\u0151d\u00e9sek, ingatlanjog, munkajog \u00e9s polg\u00e1ri jog, k\u00f6nnyen \u00e9rthet\u0151en magyar\u00e1zza el, \u00edgy az olvas\u00f3k sz\u00e1m\u00e1ra k\u00f6nnyen hozz\u00e1f\u00e9rhet\u0151 tud\u00e1st ny\u00fajt. E k\u00f6nyv seg\u00edts\u00e9get ny\u00fajt azoknak, akik jogi ismeretekre van sz\u00fcks\u00e9g\u00fck, legyen sz\u00f3 jogi \u00fcgyeik kezel\u00e9s\u00e9r\u0151l vagy jogi d\u00f6nt\u00e9seik megalapoz\u00e1s\u00e1r\u00f3l.<\/p>","protected":false},"excerpt":{"rendered":"<p>Ez az e-k\u00f6nyv egy \u00e1tfog\u00f3 jogi \u00fatmutat\u00f3, melyben megtal\u00e1lhat\u00f3k a jogi alapelvek, jogi esetek, \u00e9s gyakorlati tan\u00e1csok a mindennapi \u00e9let \u00e9s \u00fczleti \u00fcgyek sz\u00e1m\u00e1ra. Ismerje meg jogait \u00e9s k\u00f6teless\u00e9geit ebben a praktikus jogi e-k\u00f6nyvben! Megold\u00e1sok \u00e9s tan\u00e1csok v\u00e1rj\u00e1k az \u00e9let minden ter\u00fclet\u00e9n felmer\u00fcl\u0151 jogi k\u00e9rd\u00e9sekre.<\/p>","protected":false},"featured_media":78,"comment_status":"open","ping_status":"closed","template":"","meta":[],"product_brand":[],"product_cat":[22],"product_tag":[],"class_list":{"0":"post-617","1":"product","2":"type-product","3":"status-publish","4":"has-post-thumbnail","6":"product_cat-e-konyvek","7":"sales-flash-overlay","8":"woocommerce-text-align-center","9":"woocommerce-image-align-center","10":"do-quantity-buttons","12":"first","13":"instock","14":"downloadable","15":"virtual","16":"purchasable","17":"product-type-simple"},"_links":{"self":[{"href":"https:\/\/drjakics.panasztjelentek.hu\/en\/wp-json\/wp\/v2\/product\/617","targetHints":{"allow":["GET"]}}],"collection":[{"href":"https:\/\/drjakics.panasztjelentek.hu\/en\/wp-json\/wp\/v2\/product"}],"about":[{"href":"https:\/\/drjakics.panasztjelentek.hu\/en\/wp-json\/wp\/v2\/types\/product"}],"replies":[{"embeddable":true,"href":"https:\/\/drjakics.panasztjelentek.hu\/en\/wp-json\/wp\/v2\/comments?post=617"}],"wp:featuredmedia":[{"embeddable":true,"href":"https:\/\/drjakics.panasztjelentek.hu\/en\/wp-json\/wp\/v2\/media\/78"}],"wp:attachment":[{"href":"https:\/\/drjakics.panasztjelentek.hu\/en\/wp-json\/wp\/v2\/media?parent=617"}],"wp:term":[{"taxonomy":"product_brand","embeddable":true,"href":"https:\/\/drjakics.panasztjelentek.hu\/en\/wp-json\/wp\/v2\/product_brand?post=617"},{"taxonomy":"product_cat","embeddable":true,"href":"https:\/\/drjakics.panasztjelentek.hu\/en\/wp-json\/wp\/v2\/product_cat?post=617"},{"taxonomy":"product_tag","embeddable":true,"href":"https:\/\/drjakics.panasztjelentek.hu\/en\/wp-json\/wp\/v2\/product_tag?post=617"}],"curies":[{"name":"wp","href":"https:\/\/api.w.org\/{rel}","templated":true}]}}