{"id":434,"date":"2023-09-21T14:55:19","date_gmt":"2023-09-21T12:55:19","guid":{"rendered":"https:\/\/panasztjelentek.hu\/kosar\/"},"modified":"2023-10-17T14:43:22","modified_gmt":"2023-10-17T12:43:22","slug":"kosar","status":"publish","type":"page","link":"https:\/\/drjakics.panasztjelentek.hu\/en\/kosar\/","title":{"rendered":"Kos\u00e1r"},"content":{"rendered":"<div data-elementor-type=\"wp-page\" data-elementor-id=\"434\" class=\"elementor elementor-434\" data-elementor-post-type=\"page\">\n\t\t\t\t<div class=\"elementor-element elementor-element-6e54f39 e-con-full e-flex e-con e-parent\" data-id=\"6e54f39\" data-element_type=\"container\" data-settings=\"{&quot;background_background&quot;:&quot;classic&quot;}\">\n\t\t\t\t<div class=\"elementor-element elementor-element-52c8402 elementor-widget elementor-widget-heading\" data-id=\"52c8402\" data-element_type=\"widget\" data-widget_type=\"heading.default\">\n\t\t\t\t<div class=\"elementor-widget-container\">\n\t\t\t\t\t<h2 class=\"elementor-heading-title elementor-size-default\">Kos\u00e1r<\/h2>\t\t\t\t<\/div>\n\t\t\t\t<\/div>\n\t\t\t\t<\/div>\n\t\t\t\t<\/div>","protected":false},"excerpt":{"rendered":"<p>Kos\u00e1r Elem elt\u00e1vol\u00edt\u00e1sa Thumbnail image Term\u00e9k \u00c1r Mennyis\u00e9g R\u00e9sz\u00f6sszeg &times; VBR 50 f\u0151 alatti c\u00e9gek r\u00e9sz\u00e9re Az \u00d6n Szervezet\u00e9nek m\u00e9rete (f\u0151): 1 Sablon elrendez\u00e9s: Z\u00f6ld-Arany &euro;300.00 VBR 50 f\u0151 alatti c\u00e9gek r\u00e9sz\u00e9re mennyis\u00e9g &euro;300.00 \u00d6sszes\u00edt\u00e9s R\u00e9sz\u00f6sszeg &euro;300.00 \u00d6sszeg &euro;300.00 Tov\u00e1bb a fizet\u00e9shez<\/p>","protected":false},"author":1,"featured_media":0,"parent":0,"menu_order":0,"comment_status":"closed","ping_status":"closed","template":"elementor_header_footer","meta":{"footnotes":""},"class_list":["post-434","page","type-page","status-publish"],"_links":{"self":[{"href":"https:\/\/drjakics.panasztjelentek.hu\/en\/wp-json\/wp\/v2\/pages\/434","targetHints":{"allow":["GET"]}}],"collection":[{"href":"https:\/\/drjakics.panasztjelentek.hu\/en\/wp-json\/wp\/v2\/pages"}],"about":[{"href":"https:\/\/drjakics.panasztjelentek.hu\/en\/wp-json\/wp\/v2\/types\/page"}],"author":[{"embeddable":true,"href":"https:\/\/drjakics.panasztjelentek.hu\/en\/wp-json\/wp\/v2\/users\/1"}],"replies":[{"embeddable":true,"href":"https:\/\/drjakics.panasztjelentek.hu\/en\/wp-json\/wp\/v2\/comments?post=434"}],"version-history":[{"count":22,"href":"https:\/\/drjakics.panasztjelentek.hu\/en\/wp-json\/wp\/v2\/pages\/434\/revisions"}],"predecessor-version":[{"id":1567,"href":"https:\/\/drjakics.panasztjelentek.hu\/en\/wp-json\/wp\/v2\/pages\/434\/revisions\/1567"}],"wp:attachment":[{"href":"https:\/\/drjakics.panasztjelentek.hu\/en\/wp-json\/wp\/v2\/media?parent=434"}],"curies":[{"name":"wp","href":"https:\/\/api.w.org\/{rel}","templated":true}]}}