{"id":1395,"date":"2023-10-16T15:12:51","date_gmt":"2023-10-16T13:12:51","guid":{"rendered":"https:\/\/panasztjelentek.hu\/?page_id=1395"},"modified":"2023-10-20T15:12:33","modified_gmt":"2023-10-20T13:12:33","slug":"koszono-oldal-vebr","status":"publish","type":"page","link":"https:\/\/drjakics.panasztjelentek.hu\/en\/koszono-oldal-vebr\/","title":{"rendered":"K\u00f6sz\u00f6n\u0151 oldal &#8211; V\u00c9BR"},"content":{"rendered":"<div data-elementor-type=\"wp-page\" data-elementor-id=\"1395\" class=\"elementor elementor-1395\" data-elementor-post-type=\"page\">\n\t\t\t\t<div class=\"elementor-element elementor-element-2f57b82 e-con-full e-flex e-con e-parent\" data-id=\"2f57b82\" data-element_type=\"container\" data-settings=\"{&quot;background_background&quot;:&quot;classic&quot;,&quot;shape_divider_bottom&quot;:&quot;waves&quot;,&quot;shape_divider_bottom_negative&quot;:&quot;yes&quot;}\">\n\t\t\t\t<div class=\"elementor-shape elementor-shape-bottom\" aria-hidden=\"true\" data-negative=\"true\">\n\t\t\t<svg xmlns=\"http:\/\/www.w3.org\/2000\/svg\" viewbox=\"0 0 1000 100\" preserveaspectratio=\"none\">\n\t<path class=\"elementor-shape-fill\" d=\"M790.5,93.1c-59.3-5.3-116.8-18-192.6-50c-29.6-12.7-76.9-31-100.5-35.9c-23.6-4.9-52.6-7.8-75.5-5.3\tc-10.2,1.1-22.6,1.4-50.1,7.4c-27.2,6.3-58.2,16.6-79.4,24.7c-41.3,15.9-94.9,21.9-134,22.6C72,58.2,0,25.8,0,25.8V100h1000V65.3\tc0,0-51.5,19.4-106.2,25.7C839.5,97,814.1,95.2,790.5,93.1z\"\/>\n<\/svg>\t\t<\/div>\n\t\t<div class=\"elementor-element elementor-element-00aa16c e-con-full e-flex e-con e-child\" data-id=\"00aa16c\" data-element_type=\"container\">\n\t\t\t\t<div class=\"elementor-element elementor-element-ff5891a elementor-widget elementor-widget-heading\" data-id=\"ff5891a\" data-element_type=\"widget\" data-widget_type=\"heading.default\">\n\t\t\t\t<div class=\"elementor-widget-container\">\n\t\t\t\t\t<h2 class=\"elementor-heading-title elementor-size-default\">K\u00f6sz\u00f6n\u00f6m, hogy felvette velem a kapcsola!tot<\/h2>\t\t\t\t<\/div>\n\t\t\t\t<\/div>\n\t\t\t\t<div class=\"elementor-element elementor-element-2219f9b elementor-widget elementor-widget-text-editor\" data-id=\"2219f9b\" data-element_type=\"widget\" data-widget_type=\"text-editor.default\">\n\t\t\t\t<div class=\"elementor-widget-container\">\n\t\t\t\t\t\t\t\t\t<p>Ameddig \u00fczenetemre v\u00e1roakozik, figyelm\u00e9be aj\u00e1nlan\u00e1m bemutatkoz\u00f3 rovatomat \u00d6nnek!<\/p>\t\t\t\t\t\t\t\t<\/div>\n\t\t\t\t<\/div>\n\t\t\t\t<div class=\"elementor-element elementor-element-9a40fc8 elementor-mobile-align-center elementor-widget elementor-widget-button\" data-id=\"9a40fc8\" data-element_type=\"widget\" data-widget_type=\"button.default\">\n\t\t\t\t<div class=\"elementor-widget-container\">\n\t\t\t\t\t\t\t\t\t<div class=\"elementor-button-wrapper\">\n\t\t\t\t\t<a class=\"elementor-button elementor-button-link elementor-size-sm\" href=\"https:\/\/drjakics.drjakics.panasztjelentek.hu\/bemutatkozas\/\">\n\t\t\t\t\t\t<span class=\"elementor-button-content-wrapper\">\n\t\t\t\t\t\t\t\t\t<span class=\"elementor-button-text\">Bemutatkoz\u00e1s<\/span>\n\t\t\t\t\t<\/span>\n\t\t\t\t\t<\/a>\n\t\t\t\t<\/div>\n\t\t\t\t\t\t\t\t<\/div>\n\t\t\t\t<\/div>\n\t\t\t\t<\/div>\n\t\t<div class=\"elementor-element elementor-element-8070727 e-con-full e-flex e-con e-child\" data-id=\"8070727\" data-element_type=\"container\">\n\t\t\t\t<div class=\"elementor-element elementor-element-a628ed7 elementor-widget elementor-widget-image\" data-id=\"a628ed7\" data-element_type=\"widget\" data-widget_type=\"image.default\">\n\t\t\t\t<div class=\"elementor-widget-container\">\n\t\t\t\t\t\t\t\t\t\t\t\t\t\t\t<img fetchpriority=\"high\" decoding=\"async\" width=\"757\" height=\"680\" src=\"https:\/\/drjakics.panasztjelentek.hu\/wp-content\/uploads\/2023\/09\/image1.png\" class=\"attachment-large size-large wp-image-81\" alt=\"\" srcset=\"https:\/\/drjakics.panasztjelentek.hu\/wp-content\/uploads\/2023\/09\/image1.png 757w, https:\/\/drjakics.panasztjelentek.hu\/wp-content\/uploads\/2023\/09\/image1-600x539.png 600w, https:\/\/drjakics.panasztjelentek.hu\/wp-content\/uploads\/2023\/09\/image1-300x269.png 300w\" sizes=\"(max-width: 757px) 100vw, 757px\" \/>\t\t\t\t\t\t\t\t\t\t\t\t\t\t\t<\/div>\n\t\t\t\t<\/div>\n\t\t\t\t<\/div>\n\t\t\t\t<\/div>\n\t\t\t\t<\/div>","protected":false},"excerpt":{"rendered":"<p>K\u00f6sz\u00f6n\u00f6m, hogy felvette velem a kapcsola!tot Ameddig \u00fczenetemre v\u00e1roakozik, figyelm\u00e9be aj\u00e1nlan\u00e1m bemutatkoz\u00f3 rovatomat \u00d6nnek! Bemutatkoz\u00e1s<\/p>","protected":false},"author":1,"featured_media":0,"parent":0,"menu_order":0,"comment_status":"closed","ping_status":"closed","template":"","meta":{"footnotes":""},"class_list":["post-1395","page","type-page","status-publish"],"_links":{"self":[{"href":"https:\/\/drjakics.panasztjelentek.hu\/en\/wp-json\/wp\/v2\/pages\/1395","targetHints":{"allow":["GET"]}}],"collection":[{"href":"https:\/\/drjakics.panasztjelentek.hu\/en\/wp-json\/wp\/v2\/pages"}],"about":[{"href":"https:\/\/drjakics.panasztjelentek.hu\/en\/wp-json\/wp\/v2\/types\/page"}],"author":[{"embeddable":true,"href":"https:\/\/drjakics.panasztjelentek.hu\/en\/wp-json\/wp\/v2\/users\/1"}],"replies":[{"embeddable":true,"href":"https:\/\/drjakics.panasztjelentek.hu\/en\/wp-json\/wp\/v2\/comments?post=1395"}],"version-history":[{"count":7,"href":"https:\/\/drjakics.panasztjelentek.hu\/en\/wp-json\/wp\/v2\/pages\/1395\/revisions"}],"predecessor-version":[{"id":1643,"href":"https:\/\/drjakics.panasztjelentek.hu\/en\/wp-json\/wp\/v2\/pages\/1395\/revisions\/1643"}],"wp:attachment":[{"href":"https:\/\/drjakics.panasztjelentek.hu\/en\/wp-json\/wp\/v2\/media?parent=1395"}],"curies":[{"name":"wp","href":"https:\/\/api.w.org\/{rel}","templated":true}]}}